{"id":11,"date":"2025-02-10T14:40:05","date_gmt":"2025-02-10T13:40:05","guid":{"rendered":"https:\/\/cosmetup.com\/?page_id=11"},"modified":"2025-02-10T14:40:05","modified_gmt":"2025-02-10T13:40:05","slug":"politica-de-privacidad","status":"publish","type":"page","link":"https:\/\/cosmetup.com\/en\/politica-de-privacidad\/","title":{"rendered":"Privacy Policy"},"content":{"rendered":"<div class=\"fusion-fullwidth fullwidth-box fusion-builder-row-1 fusion-flex-container nonhundred-percent-fullwidth non-hundred-percent-height-scrolling\" style=\"--awb-border-radius-top-left:0px;--awb-border-radius-top-right:0px;--awb-border-radius-bottom-right:0px;--awb-border-radius-bottom-left:0px;--awb-flex-wrap:wrap;\" ><div class=\"fusion-builder-row fusion-row fusion-flex-align-items-flex-start fusion-flex-content-wrap\" style=\"max-width:1216.8px;margin-left: calc(-4% \/ 2 );margin-right: calc(-4% \/ 2 );\"><div class=\"fusion-layout-column fusion_builder_column fusion-builder-column-0 fusion_builder_column_1_1 1_1 fusion-flex-column\" style=\"--awb-bg-size:cover;--awb-width-large:100%;--awb-margin-top-large:0px;--awb-spacing-right-large:1.92%;--awb-margin-bottom-large:0px;--awb-spacing-left-large:1.92%;--awb-width-medium:100%;--awb-spacing-right-medium:1.92%;--awb-spacing-left-medium:1.92%;--awb-width-small:100%;--awb-spacing-right-small:1.92%;--awb-spacing-left-small:1.92%;\"><div class=\"fusion-column-wrapper fusion-flex-justify-content-flex-start fusion-content-layout-column\"><div class=\"fusion-text fusion-text-1\"><\/p>\n<p data-fusion-font=\"true\" style=\"font-size: 17px; font-family: Prompt; font-weight: 300;\" data-fusion-google-font=\"Prompt\" data-fusion-google-variant=\"300\">COSMETUP est\u00e1 especialmente sensibilizada en la protecci\u00f3n de los datos de los usuarios proporcionados a trav\u00e9s del portal Web. Mediante la presente Pol\u00edtica de Privacidad [de ahora en adelante, la Pol\u00edtica] informa a los Usuarios de cosmetup.com, del tratamiento y usos a los cuales se someten los datos de car\u00e1cter personal que se recaban en la Web, con el fin de que decidan, libre y voluntariamente, si desean facilitar la informaci\u00f3n solicitada.<\/p>\n<p data-fusion-font=\"true\" style=\"font-size: 17px; font-family: Prompt; font-weight: 300;\" data-fusion-google-font=\"Prompt\" data-fusion-google-variant=\"300\">COSMETUP considera esencial garantizar la protecci\u00f3n de car\u00e1cter personal por eso, con el fin de proteger la intimidad y privacidad de todos los interesados (titulares de los datos), ponemos de manifiesto la presente Pol\u00edtica de Privacidad, comprometi\u00e9ndonos a garantizar las exigencias legales estipuladas en la legislaci\u00f3n y reglamentaci\u00f3n que sea aplicable en la materia de Protecci\u00f3n de Datos de Car\u00e1cter Personal.<\/p>\n<p data-fusion-font=\"true\" style=\"font-size: 17px; font-family: Prompt; font-weight: 300;\" data-fusion-google-font=\"Prompt\" data-fusion-google-variant=\"300\">As\u00ed pues, en cumplimiento de la Ley Org\u00e1nica 15\/1999, de Protecci\u00f3n de Datos de Car\u00e1cter Personal, por medio del presente documento, COSMETUP informa:<\/p>\n<p data-fusion-font=\"true\" style=\"font-size: 17px; font-family: Prompt; font-weight: 300;\" data-fusion-google-font=\"Prompt\" data-fusion-google-variant=\"300\">COSMETUP con domicilio social en C. \u00c1lava, 37, 33210, Gij\u00f3n (Asturias) es el titular de diferentes ficheros que ha inscrito en el Registro General de Protecci\u00f3n de Datos dependiente de la Agencia Espa\u00f1ola de Protecci\u00f3n de Datos y que pueden ser consultadas en la Web http:\/\/www.agpd.es<\/p>\n<p data-fusion-font=\"true\" style=\"font-size: 17px; font-family: Prompt; font-weight: 300;\" data-fusion-google-font=\"Prompt\" data-fusion-google-variant=\"300\">La finalidad de la recogida e incorporaci\u00f3n de los datos a los citados ficheros consisten en gestionar su solicitud y enviarle informaci\u00f3n m\u00e1s sobre nuestras ofertas de servicios del portal titularidad de COSMETUP.<\/p>\n<p data-fusion-font=\"true\" style=\"font-size: 17px; font-family: Prompt; font-weight: 300;\" data-fusion-google-font=\"Prompt\" data-fusion-google-variant=\"300\">Mediante la cumplimentaci\u00f3n de los diversos formularios contenidos en la Web mencionada anteriormente, el interesado presta su consentimiento para que los datos de car\u00e1cter personal suministrados sean incorporados al citado fichero, siendo objeto de tratamiento por la misma en conformidad con la presente Pol\u00edtica de Privacidad. Del mismo modo presta consentimiento para que COSMETUP env\u00ede informaci\u00f3n peri\u00f3dica y informar de nuestras ofertas de servicios.<\/p>\n<p data-fusion-font=\"true\" style=\"font-size: 17px; font-family: Prompt; font-weight: 300;\" data-fusion-google-font=\"Prompt\" data-fusion-google-variant=\"300\">Si bien en cualquier momento podr\u00e1 oponerse a este tipo de env\u00edos, enviando un correo electr\u00f3nico a la direcci\u00f3n administracion@cosmetup.com indicando en el asunto \u201cBAJA DE LA LISTA DE DISTRIBUCI\u00d3N\u201d.<\/p>\n<p data-fusion-font=\"true\" style=\"font-size: 17px; font-family: Prompt;\" data-fusion-google-font=\"Prompt\" data-fusion-google-variant=\"300\"><b>MEDIDAS DE SEGURIDAD<\/b><\/p>\n<p data-fusion-font=\"true\" style=\"font-size: 17px; font-family: Prompt; font-weight: 300;\" data-fusion-google-font=\"Prompt\" data-fusion-google-variant=\"300\">COSMETUP ha adoptado los niveles de seguridad de protecci\u00f3n de car\u00e1cter personal legalmente requeridos, y ha instalado todos los medios y medidas t\u00e9cnicas a su alcance para evitar la p\u00e9rdida, mal uso, alteraci\u00f3n, acceso no autorizado y robo de los mismos.<\/p>\n<p data-fusion-font=\"true\" style=\"font-size: 17px; font-family: Prompt;\" data-fusion-google-font=\"Prompt\" data-fusion-google-variant=\"300\"><b>DERECHOS DE ACCESO, RECTIFICACI\u00d3N, CANCELACI\u00d3N Y OPOSICI\u00d3N<\/b><\/p>\n<p data-fusion-font=\"true\" style=\"font-size: 17px; font-family: Prompt; font-weight: 300;\" data-fusion-google-font=\"Prompt\" data-fusion-google-variant=\"300\">Los interesados titulares de los datos podr\u00e1n dirigirse a COSMETUP con el fin de poder ejercitar sus derechos de acceso, rectificaci\u00f3n, cancelaci\u00f3n, y si procede oposici\u00f3n (Derechos ARCO) referente a los datos incorporados en el tratamiento. Estos derechos \u00fanicamente podr\u00e1n ser ejercitados por el propio interesado, o su representante legal, previa acreditaci\u00f3n de su identidad, o si procede, de la suficiencia de la representaci\u00f3n.<\/p>\n<p data-fusion-font=\"true\" style=\"font-size: 17px; font-family: Prompt; font-weight: 300;\" data-fusion-google-font=\"Prompt\" data-fusion-google-variant=\"300\">El interesado podr\u00e1 ejercer los derechos de acceso, cancelaci\u00f3n, rectificaci\u00f3n y oposici\u00f3n mediante un escrito a la direcci\u00f3n C. \u00c1lava, 37, 33210, Gij\u00f3n (Asturias), o por email a la direcci\u00f3n administracion@cosmetup.com.<\/p>\n<p data-fusion-font=\"true\" style=\"font-size: 17px; font-family: Prompt;\" data-fusion-google-font=\"Prompt\" data-fusion-google-variant=\"300\"><b>SERVICIO COMERCIAL DE WHATSAPP<\/b><\/p>\n<p data-fusion-font=\"true\" style=\"font-size: 17px; font-family: Prompt; font-weight: 300;\" data-fusion-google-font=\"Prompt\" data-fusion-google-variant=\"300\">Se informa que los datos aportados pueden ser utilizados para el env\u00edo de comunicaciones comerciales a trav\u00e9s de la aplicaci\u00f3n Whatsapp, relativas a servicios de nuestra empresa que puedan ser de su inter\u00e9s. Si bien podr\u00e1 en cualquier momento oponerse a este tipo de env\u00edos, para darse de baja deber\u00e1 de enviar un mensaje al whatsapp de la COSMETUP que le realiza estos env\u00edos con en el asunto \u201cBAJA DEL SERVICIO nombre\u201d.<\/p><\/p>\n<\/div><\/div><\/div><\/div><\/div>","protected":false},"excerpt":{"rendered":"","protected":false},"author":1,"featured_media":0,"parent":0,"menu_order":0,"comment_status":"closed","ping_status":"closed","template":"","meta":{"footnotes":""},"class_list":["post-11","page","type-page","status-publish","hentry"],"yoast_head":"<!-- This site is optimized with the Yoast SEO plugin v24.7 - https:\/\/yoast.com\/wordpress\/plugins\/seo\/ -->\n<title>Pol\u00edtica de privacidad - CosmetUp<\/title>\n<meta name=\"robots\" content=\"index, follow, max-snippet:-1, max-image-preview:large, max-video-preview:-1\" \/>\n<link rel=\"canonical\" href=\"https:\/\/cosmetup.com\/en\/politica-de-privacidad\/\" \/>\n<meta property=\"og:locale\" content=\"en_GB\" \/>\n<meta property=\"og:type\" content=\"article\" \/>\n<meta property=\"og:title\" content=\"Pol\u00edtica de privacidad - CosmetUp\" \/>\n<meta property=\"og:url\" content=\"https:\/\/cosmetup.com\/en\/politica-de-privacidad\/\" \/>\n<meta property=\"og:site_name\" content=\"CosmetUp\" \/>\n<meta name=\"twitter:card\" content=\"summary_large_image\" \/>\n<meta name=\"twitter:label1\" content=\"Estimated reading time\" \/>\n\t<meta name=\"twitter:data1\" content=\"4 minutes\" \/>\n<script type=\"application\/ld+json\" class=\"yoast-schema-graph\">{\"@context\":\"https:\/\/schema.org\",\"@graph\":[{\"@type\":\"WebPage\",\"@id\":\"https:\/\/cosmetup.com\/politica-de-privacidad\/\",\"url\":\"https:\/\/cosmetup.com\/politica-de-privacidad\/\",\"name\":\"Pol\u00edtica de privacidad - CosmetUp\",\"isPartOf\":{\"@id\":\"https:\/\/cosmetup.com\/#website\"},\"datePublished\":\"2025-02-10T13:40:05+00:00\",\"breadcrumb\":{\"@id\":\"https:\/\/cosmetup.com\/politica-de-privacidad\/#breadcrumb\"},\"inLanguage\":\"en-GB\",\"potentialAction\":[{\"@type\":\"ReadAction\",\"target\":[\"https:\/\/cosmetup.com\/politica-de-privacidad\/\"]}]},{\"@type\":\"BreadcrumbList\",\"@id\":\"https:\/\/cosmetup.com\/politica-de-privacidad\/#breadcrumb\",\"itemListElement\":[{\"@type\":\"ListItem\",\"position\":1,\"name\":\"Portada\",\"item\":\"https:\/\/cosmetup.com\/\"},{\"@type\":\"ListItem\",\"position\":2,\"name\":\"Pol\u00edtica de privacidad\"}]},{\"@type\":\"WebSite\",\"@id\":\"https:\/\/cosmetup.com\/#website\",\"url\":\"https:\/\/cosmetup.com\/\",\"name\":\"CosmetUp\",\"description\":\"Activos biotecnol\u00f3gicos\",\"publisher\":{\"@id\":\"https:\/\/cosmetup.com\/#organization\"},\"potentialAction\":[{\"@type\":\"SearchAction\",\"target\":{\"@type\":\"EntryPoint\",\"urlTemplate\":\"https:\/\/cosmetup.com\/?s={search_term_string}\"},\"query-input\":{\"@type\":\"PropertyValueSpecification\",\"valueRequired\":true,\"valueName\":\"search_term_string\"}}],\"inLanguage\":\"en-GB\"},{\"@type\":\"Organization\",\"@id\":\"https:\/\/cosmetup.com\/#organization\",\"name\":\"CosmetUp\",\"url\":\"https:\/\/cosmetup.com\/\",\"logo\":{\"@type\":\"ImageObject\",\"inLanguage\":\"en-GB\",\"@id\":\"https:\/\/cosmetup.com\/#\/schema\/logo\/image\/\",\"url\":\"https:\/\/cosmetup.com\/wp-content\/uploads\/2025\/02\/cosmetup-logo-x2.svg\",\"contentUrl\":\"https:\/\/cosmetup.com\/wp-content\/uploads\/2025\/02\/cosmetup-logo-x2.svg\",\"width\":\"1024\",\"height\":\"1024\",\"caption\":\"CosmetUp\"},\"image\":{\"@id\":\"https:\/\/cosmetup.com\/#\/schema\/logo\/image\/\"},\"sameAs\":[\"https:\/\/www.linkedin.com\/company\/cosmetup\/\"]}]}<\/script>\n<!-- \/ Yoast SEO plugin. -->","yoast_head_json":{"title":"Pol\u00edtica de privacidad - CosmetUp","robots":{"index":"index","follow":"follow","max-snippet":"max-snippet:-1","max-image-preview":"max-image-preview:large","max-video-preview":"max-video-preview:-1"},"canonical":"https:\/\/cosmetup.com\/en\/politica-de-privacidad\/","og_locale":"en_GB","og_type":"article","og_title":"Pol\u00edtica de privacidad - CosmetUp","og_url":"https:\/\/cosmetup.com\/en\/politica-de-privacidad\/","og_site_name":"CosmetUp","twitter_card":"summary_large_image","twitter_misc":{"Estimated reading time":"4 minutes"},"schema":{"@context":"https:\/\/schema.org","@graph":[{"@type":"WebPage","@id":"https:\/\/cosmetup.com\/politica-de-privacidad\/","url":"https:\/\/cosmetup.com\/politica-de-privacidad\/","name":"Pol\u00edtica de privacidad - CosmetUp","isPartOf":{"@id":"https:\/\/cosmetup.com\/#website"},"datePublished":"2025-02-10T13:40:05+00:00","breadcrumb":{"@id":"https:\/\/cosmetup.com\/politica-de-privacidad\/#breadcrumb"},"inLanguage":"en-GB","potentialAction":[{"@type":"ReadAction","target":["https:\/\/cosmetup.com\/politica-de-privacidad\/"]}]},{"@type":"BreadcrumbList","@id":"https:\/\/cosmetup.com\/politica-de-privacidad\/#breadcrumb","itemListElement":[{"@type":"ListItem","position":1,"name":"Portada","item":"https:\/\/cosmetup.com\/"},{"@type":"ListItem","position":2,"name":"Pol\u00edtica de privacidad"}]},{"@type":"WebSite","@id":"https:\/\/cosmetup.com\/#website","url":"https:\/\/cosmetup.com\/","name":"CosmetUp","description":"Activos biotecnol\u00f3gicos","publisher":{"@id":"https:\/\/cosmetup.com\/#organization"},"potentialAction":[{"@type":"SearchAction","target":{"@type":"EntryPoint","urlTemplate":"https:\/\/cosmetup.com\/?s={search_term_string}"},"query-input":{"@type":"PropertyValueSpecification","valueRequired":true,"valueName":"search_term_string"}}],"inLanguage":"en-GB"},{"@type":"Organization","@id":"https:\/\/cosmetup.com\/#organization","name":"CosmetUp","url":"https:\/\/cosmetup.com\/","logo":{"@type":"ImageObject","inLanguage":"en-GB","@id":"https:\/\/cosmetup.com\/#\/schema\/logo\/image\/","url":"https:\/\/cosmetup.com\/wp-content\/uploads\/2025\/02\/cosmetup-logo-x2.svg","contentUrl":"https:\/\/cosmetup.com\/wp-content\/uploads\/2025\/02\/cosmetup-logo-x2.svg","width":"1024","height":"1024","caption":"CosmetUp"},"image":{"@id":"https:\/\/cosmetup.com\/#\/schema\/logo\/image\/"},"sameAs":["https:\/\/www.linkedin.com\/company\/cosmetup\/"]}]}},"_links":{"self":[{"href":"https:\/\/cosmetup.com\/en\/wp-json\/wp\/v2\/pages\/11","targetHints":{"allow":["GET"]}}],"collection":[{"href":"https:\/\/cosmetup.com\/en\/wp-json\/wp\/v2\/pages"}],"about":[{"href":"https:\/\/cosmetup.com\/en\/wp-json\/wp\/v2\/types\/page"}],"author":[{"embeddable":true,"href":"https:\/\/cosmetup.com\/en\/wp-json\/wp\/v2\/users\/1"}],"replies":[{"embeddable":true,"href":"https:\/\/cosmetup.com\/en\/wp-json\/wp\/v2\/comments?post=11"}],"version-history":[{"count":2,"href":"https:\/\/cosmetup.com\/en\/wp-json\/wp\/v2\/pages\/11\/revisions"}],"predecessor-version":[{"id":1165,"href":"https:\/\/cosmetup.com\/en\/wp-json\/wp\/v2\/pages\/11\/revisions\/1165"}],"wp:attachment":[{"href":"https:\/\/cosmetup.com\/en\/wp-json\/wp\/v2\/media?parent=11"}],"curies":[{"name":"wp","href":"https:\/\/api.w.org\/{rel}","templated":true}]}}