{"id":1161,"date":"2025-02-10T14:37:54","date_gmt":"2025-02-10T13:37:54","guid":{"rendered":"https:\/\/cosmetup.com\/?page_id=1161"},"modified":"2025-02-10T14:37:54","modified_gmt":"2025-02-10T13:37:54","slug":"politica-de-cookies","status":"publish","type":"page","link":"https:\/\/cosmetup.com\/en\/politica-de-cookies\/","title":{"rendered":"Cookie Policy"},"content":{"rendered":"<div class=\"fusion-fullwidth fullwidth-box fusion-builder-row-1 fusion-flex-container nonhundred-percent-fullwidth non-hundred-percent-height-scrolling\" style=\"--awb-border-radius-top-left:0px;--awb-border-radius-top-right:0px;--awb-border-radius-bottom-right:0px;--awb-border-radius-bottom-left:0px;--awb-flex-wrap:wrap;\" ><div class=\"fusion-builder-row fusion-row fusion-flex-align-items-flex-start fusion-flex-content-wrap\" style=\"max-width:1216.8px;margin-left: calc(-4% \/ 2 );margin-right: calc(-4% \/ 2 );\"><div class=\"fusion-layout-column fusion_builder_column fusion-builder-column-0 fusion_builder_column_1_1 1_1 fusion-flex-column\" style=\"--awb-bg-size:cover;--awb-width-large:100%;--awb-margin-top-large:0px;--awb-spacing-right-large:1.92%;--awb-margin-bottom-large:0px;--awb-spacing-left-large:1.92%;--awb-width-medium:100%;--awb-spacing-right-medium:1.92%;--awb-spacing-left-medium:1.92%;--awb-width-small:100%;--awb-spacing-right-small:1.92%;--awb-spacing-left-small:1.92%;\"><div class=\"fusion-column-wrapper fusion-flex-justify-content-flex-start fusion-content-layout-column\"><div class=\"fusion-text fusion-text-1\"><\/p>\n<h2 data-fontsize=\"48\" data-lineheight=\"57.6px\" class=\"fusion-responsive-typography-calculated wp-block-heading\" style=\"--fontSize: 48; line-height: 1.2;\">\n<p data-fusion-font=\"true\" style=\"font-size: 17px; font-family: Prompt; font-weight: 300;\" data-fusion-google-font=\"Prompt\" data-fusion-google-variant=\"300\">Una \u201cCookie\u201d es un peque\u00f1o archivo que se almacena al ordenador del usuario y nos permite reconocerlo. El conjunto de \u201ccookies\u201d nos ayuda a mejorar la calidad de nuestra web<\/p>\n<p data-fusion-font=\"true\" style=\"font-size: 17px; font-family: Prompt; font-weight: 300;\" data-fusion-google-font=\"Prompt\" data-fusion-google-variant=\"300\">Las cookies son esenciales para el funcionamiento de internet, aportando innumerables ventajas en la prestaci\u00f3n de servicios interactivos, facilit\u00e1ndole la navegaci\u00f3n y usabilidad de nuestra web. Tenga en cuenta que las cookies no pueden da\u00f1ar su equipo y que, en cambio, el que est\u00e9n activadas nos ayudan a identificar y resolver los errores.<\/p>\n<p data-fusion-font=\"true\" style=\"font-size: 17px; font-family: Prompt; font-weight: 300;\" data-fusion-google-font=\"Prompt\" data-fusion-google-variant=\"300\">La informaci\u00f3n que le proporcionamos a continuaci\u00f3n, le ayudar\u00e1 a comprender los diferentes tipos de cookies:<\/p>\n<p data-fusion-font=\"true\" style=\"font-size: 17px; font-family: Prompt; font-weight: 300;\" data-fusion-google-font=\"Prompt\" data-fusion-google-variant=\"300\">Cookies de sesi\u00f3n: son cookies temporales que permanecen al archivo de cookies de su navegador hasta que abandone la p\u00e1gina web, por lo cual ninguno queda registrado en el disco llevar del usuario. La informaci\u00f3n obtenida por medio de estas cookies, sirven para analizar pautas de tr\u00e1fico de la web. A la larga, esto nos permite proporcionar una mejor experiencia para mejorar el contenido y facilitando su uso<\/p>\n<p data-fusion-font=\"true\" style=\"font-size: 17px; font-family: Prompt; font-weight: 300;\" data-fusion-google-font=\"Prompt\" data-fusion-google-variant=\"300\">Cookies permanentes: son almacenadas en el disco duro y nuestra web las lee cada vez que usted realiza una nueva visita. Una cookie permanente posee una fecha de expiraci\u00f3n determinada. La cookie dejar\u00e1 de funcionar despu\u00e9s de esta fecha. Las utilizamos generalmente, para facilitar los servicios de compra y registro.<\/p>\n<p data-fusion-font=\"true\" style=\"font-size: 17px; font-family: Prompt; font-weight: 300;\" data-fusion-google-font=\"Prompt\" data-fusion-google-variant=\"300\">Cookies polivalentes: Una cookie puede utilizarse para varias finalidades, por lo cual \u00fanicamente podr\u00e1 estar exento del requisito de consentimiento si todas y cada una de las finalidades por las cuales se utilice est\u00e1n individualmente exentas del requisito de consentimiento.<\/p>\n<p data-fusion-font=\"true\" style=\"font-size: 17px; font-family: Prompt; font-weight: 300;\" data-fusion-google-font=\"Prompt\" data-fusion-google-variant=\"300\">El usuario tiene la opci\u00f3n de impedir la generaci\u00f3n de \u201ccookies\u201d, mediante la selecci\u00f3n de la correspondiente opci\u00f3n a su software \u201cnavegador\u201d. Sin embargo, COSMETUP no se responsabiliza que la desactivaci\u00f3n de las mismas impida el correcto funcionamiento de la p\u00e1gina web.<\/p>\n<p data-fusion-font=\"true\" style=\"font-size: 17px; font-family: Prompt; font-weight: 300;\" data-fusion-google-font=\"Prompt\" data-fusion-google-variant=\"300\">Enlaces para configurar las cookies en diferentes navegadores:<\/p>\n<p data-fusion-font=\"true\" style=\"font-size: 17px; font-family: Prompt; font-weight: 300;\" data-fusion-google-font=\"Prompt\" data-fusion-google-variant=\"300\">Google Chrome <a href=\"http:\/\/support.google.com\/chrome\/bin\/answer.py?hl=es&amp;answer=95647\" target=\"_blank\" rel=\"noopener noreferrer\">http:\/\/support.google.com\/chrome\/bin\/answer.py?hl=es&amp;answer=95647<\/a><\/p>\n<p data-fusion-font=\"true\" style=\"font-size: 17px; font-family: Prompt; font-weight: 300;\" data-fusion-google-font=\"Prompt\" data-fusion-google-variant=\"300\">Windows Explorer <a href=\"http:\/\/windows.microsoft.com\/es-es\/windows7\/how-to-manage-cookies-in-internet-explorer-9\" target=\"_blank\" rel=\"noopener noreferrer\">http:\/\/windows.microsoft.com\/es-es\/windows7\/how-to-manage-cookies-in-internet-explorer-9<\/a><\/p>\n<p data-fusion-font=\"true\" style=\"font-size: 17px; font-family: Prompt; font-weight: 300;\" data-fusion-google-font=\"Prompt\" data-fusion-google-variant=\"300\">Firefox <a href=\"http:\/\/support.mozilla.org\/es\/kb\/habilitar-y-deshabilitar-cookies-que-los-sitios-we\" target=\"_blank\" rel=\"noopener noreferrer\">http:\/\/support.mozilla.org\/es\/kb\/habilitar-y-deshabilitar-cookies-que-los-sitios-we<\/a><\/p>\n<p data-fusion-font=\"true\" style=\"font-size: 17px; font-family: Prompt; font-weight: 300;\" data-fusion-google-font=\"Prompt\" data-fusion-google-variant=\"300\">Apple Safari <a href=\"http:\/\/support.apple.com\/kb\/ph5042\" target=\"_blank\" rel=\"noopener noreferrer\">http:\/\/support.apple.com\/kb\/ph5042<\/a><\/p>\n<\/h2>\n<\/div><\/div><\/div><\/div><\/div>","protected":false},"excerpt":{"rendered":"","protected":false},"author":1,"featured_media":0,"parent":0,"menu_order":0,"comment_status":"closed","ping_status":"closed","template":"","meta":{"footnotes":""},"class_list":["post-1161","page","type-page","status-publish","hentry"],"yoast_head":"<!-- This site is optimized with the Yoast SEO plugin v24.7 - https:\/\/yoast.com\/wordpress\/plugins\/seo\/ -->\n<title>Pol\u00edtica de cookies - CosmetUp<\/title>\n<meta name=\"robots\" content=\"index, follow, max-snippet:-1, max-image-preview:large, max-video-preview:-1\" \/>\n<link rel=\"canonical\" href=\"https:\/\/cosmetup.com\/en\/politica-de-cookies\/\" \/>\n<meta property=\"og:locale\" content=\"en_GB\" \/>\n<meta property=\"og:type\" content=\"article\" \/>\n<meta property=\"og:title\" content=\"Pol\u00edtica de cookies - CosmetUp\" \/>\n<meta property=\"og:url\" content=\"https:\/\/cosmetup.com\/en\/politica-de-cookies\/\" \/>\n<meta property=\"og:site_name\" content=\"CosmetUp\" \/>\n<meta name=\"twitter:card\" content=\"summary_large_image\" \/>\n<meta name=\"twitter:label1\" content=\"Estimated reading time\" \/>\n\t<meta name=\"twitter:data1\" content=\"2 minutes\" \/>\n<script type=\"application\/ld+json\" class=\"yoast-schema-graph\">{\"@context\":\"https:\/\/schema.org\",\"@graph\":[{\"@type\":\"WebPage\",\"@id\":\"https:\/\/cosmetup.com\/politica-de-cookies\/\",\"url\":\"https:\/\/cosmetup.com\/politica-de-cookies\/\",\"name\":\"Pol\u00edtica de cookies - CosmetUp\",\"isPartOf\":{\"@id\":\"https:\/\/cosmetup.com\/#website\"},\"datePublished\":\"2025-02-10T13:37:54+00:00\",\"breadcrumb\":{\"@id\":\"https:\/\/cosmetup.com\/politica-de-cookies\/#breadcrumb\"},\"inLanguage\":\"en-GB\",\"potentialAction\":[{\"@type\":\"ReadAction\",\"target\":[\"https:\/\/cosmetup.com\/politica-de-cookies\/\"]}]},{\"@type\":\"BreadcrumbList\",\"@id\":\"https:\/\/cosmetup.com\/politica-de-cookies\/#breadcrumb\",\"itemListElement\":[{\"@type\":\"ListItem\",\"position\":1,\"name\":\"Portada\",\"item\":\"https:\/\/cosmetup.com\/\"},{\"@type\":\"ListItem\",\"position\":2,\"name\":\"Pol\u00edtica de cookies\"}]},{\"@type\":\"WebSite\",\"@id\":\"https:\/\/cosmetup.com\/#website\",\"url\":\"https:\/\/cosmetup.com\/\",\"name\":\"CosmetUp\",\"description\":\"Activos biotecnol\u00f3gicos\",\"publisher\":{\"@id\":\"https:\/\/cosmetup.com\/#organization\"},\"potentialAction\":[{\"@type\":\"SearchAction\",\"target\":{\"@type\":\"EntryPoint\",\"urlTemplate\":\"https:\/\/cosmetup.com\/?s={search_term_string}\"},\"query-input\":{\"@type\":\"PropertyValueSpecification\",\"valueRequired\":true,\"valueName\":\"search_term_string\"}}],\"inLanguage\":\"en-GB\"},{\"@type\":\"Organization\",\"@id\":\"https:\/\/cosmetup.com\/#organization\",\"name\":\"CosmetUp\",\"url\":\"https:\/\/cosmetup.com\/\",\"logo\":{\"@type\":\"ImageObject\",\"inLanguage\":\"en-GB\",\"@id\":\"https:\/\/cosmetup.com\/#\/schema\/logo\/image\/\",\"url\":\"https:\/\/cosmetup.com\/wp-content\/uploads\/2025\/02\/cosmetup-logo-x2.svg\",\"contentUrl\":\"https:\/\/cosmetup.com\/wp-content\/uploads\/2025\/02\/cosmetup-logo-x2.svg\",\"width\":\"1024\",\"height\":\"1024\",\"caption\":\"CosmetUp\"},\"image\":{\"@id\":\"https:\/\/cosmetup.com\/#\/schema\/logo\/image\/\"},\"sameAs\":[\"https:\/\/www.linkedin.com\/company\/cosmetup\/\"]}]}<\/script>\n<!-- \/ Yoast SEO plugin. -->","yoast_head_json":{"title":"Pol\u00edtica de cookies - CosmetUp","robots":{"index":"index","follow":"follow","max-snippet":"max-snippet:-1","max-image-preview":"max-image-preview:large","max-video-preview":"max-video-preview:-1"},"canonical":"https:\/\/cosmetup.com\/en\/politica-de-cookies\/","og_locale":"en_GB","og_type":"article","og_title":"Pol\u00edtica de cookies - CosmetUp","og_url":"https:\/\/cosmetup.com\/en\/politica-de-cookies\/","og_site_name":"CosmetUp","twitter_card":"summary_large_image","twitter_misc":{"Estimated reading time":"2 minutes"},"schema":{"@context":"https:\/\/schema.org","@graph":[{"@type":"WebPage","@id":"https:\/\/cosmetup.com\/politica-de-cookies\/","url":"https:\/\/cosmetup.com\/politica-de-cookies\/","name":"Pol\u00edtica de cookies - CosmetUp","isPartOf":{"@id":"https:\/\/cosmetup.com\/#website"},"datePublished":"2025-02-10T13:37:54+00:00","breadcrumb":{"@id":"https:\/\/cosmetup.com\/politica-de-cookies\/#breadcrumb"},"inLanguage":"en-GB","potentialAction":[{"@type":"ReadAction","target":["https:\/\/cosmetup.com\/politica-de-cookies\/"]}]},{"@type":"BreadcrumbList","@id":"https:\/\/cosmetup.com\/politica-de-cookies\/#breadcrumb","itemListElement":[{"@type":"ListItem","position":1,"name":"Portada","item":"https:\/\/cosmetup.com\/"},{"@type":"ListItem","position":2,"name":"Pol\u00edtica de cookies"}]},{"@type":"WebSite","@id":"https:\/\/cosmetup.com\/#website","url":"https:\/\/cosmetup.com\/","name":"CosmetUp","description":"Activos biotecnol\u00f3gicos","publisher":{"@id":"https:\/\/cosmetup.com\/#organization"},"potentialAction":[{"@type":"SearchAction","target":{"@type":"EntryPoint","urlTemplate":"https:\/\/cosmetup.com\/?s={search_term_string}"},"query-input":{"@type":"PropertyValueSpecification","valueRequired":true,"valueName":"search_term_string"}}],"inLanguage":"en-GB"},{"@type":"Organization","@id":"https:\/\/cosmetup.com\/#organization","name":"CosmetUp","url":"https:\/\/cosmetup.com\/","logo":{"@type":"ImageObject","inLanguage":"en-GB","@id":"https:\/\/cosmetup.com\/#\/schema\/logo\/image\/","url":"https:\/\/cosmetup.com\/wp-content\/uploads\/2025\/02\/cosmetup-logo-x2.svg","contentUrl":"https:\/\/cosmetup.com\/wp-content\/uploads\/2025\/02\/cosmetup-logo-x2.svg","width":"1024","height":"1024","caption":"CosmetUp"},"image":{"@id":"https:\/\/cosmetup.com\/#\/schema\/logo\/image\/"},"sameAs":["https:\/\/www.linkedin.com\/company\/cosmetup\/"]}]}},"_links":{"self":[{"href":"https:\/\/cosmetup.com\/en\/wp-json\/wp\/v2\/pages\/1161","targetHints":{"allow":["GET"]}}],"collection":[{"href":"https:\/\/cosmetup.com\/en\/wp-json\/wp\/v2\/pages"}],"about":[{"href":"https:\/\/cosmetup.com\/en\/wp-json\/wp\/v2\/types\/page"}],"author":[{"embeddable":true,"href":"https:\/\/cosmetup.com\/en\/wp-json\/wp\/v2\/users\/1"}],"replies":[{"embeddable":true,"href":"https:\/\/cosmetup.com\/en\/wp-json\/wp\/v2\/comments?post=1161"}],"version-history":[{"count":2,"href":"https:\/\/cosmetup.com\/en\/wp-json\/wp\/v2\/pages\/1161\/revisions"}],"predecessor-version":[{"id":1163,"href":"https:\/\/cosmetup.com\/en\/wp-json\/wp\/v2\/pages\/1161\/revisions\/1163"}],"wp:attachment":[{"href":"https:\/\/cosmetup.com\/en\/wp-json\/wp\/v2\/media?parent=1161"}],"curies":[{"name":"wp","href":"https:\/\/api.w.org\/{rel}","templated":true}]}}