{"id":3,"date":"2025-02-03T12:08:42","date_gmt":"2025-02-03T11:08:42","guid":{"rendered":"http:\/\/cosmetup.com\/?page_id=3"},"modified":"2025-02-10T14:37:41","modified_gmt":"2025-02-10T13:37:41","slug":"aviso-legal","status":"publish","type":"page","link":"https:\/\/cosmetup.com\/en\/aviso-legal\/","title":{"rendered":"Aviso Legal"},"content":{"rendered":"<div class=\"fusion-fullwidth fullwidth-box fusion-builder-row-1 fusion-flex-container nonhundred-percent-fullwidth non-hundred-percent-height-scrolling\" style=\"--awb-border-radius-top-left:0px;--awb-border-radius-top-right:0px;--awb-border-radius-bottom-right:0px;--awb-border-radius-bottom-left:0px;--awb-flex-wrap:wrap;\" ><div class=\"fusion-builder-row fusion-row fusion-flex-align-items-flex-start fusion-flex-content-wrap\" style=\"max-width:1216.8px;margin-left: calc(-4% \/ 2 );margin-right: calc(-4% \/ 2 );\"><div class=\"fusion-layout-column fusion_builder_column fusion-builder-column-0 fusion_builder_column_1_1 1_1 fusion-flex-column\" style=\"--awb-bg-size:cover;--awb-width-large:100%;--awb-margin-top-large:0px;--awb-spacing-right-large:1.92%;--awb-margin-bottom-large:0px;--awb-spacing-left-large:1.92%;--awb-width-medium:100%;--awb-spacing-right-medium:1.92%;--awb-spacing-left-medium:1.92%;--awb-width-small:100%;--awb-spacing-right-small:1.92%;--awb-spacing-left-small:1.92%;\"><div class=\"fusion-column-wrapper fusion-flex-justify-content-flex-start fusion-content-layout-column\"><div class=\"fusion-text fusion-text-1\"><\/p>\n<h2 data-fontsize=\"48\" data-lineheight=\"57.6px\" class=\"fusion-responsive-typography-calculated wp-block-heading\" style=\"--fontSize: 48; line-height: 1.2;\">\n<p data-fusion-font=\"true\" style=\"font-family: Prompt; font-weight: 300; font-size: 17px; line-height: 20.4px;\" data-fusion-google-font=\"Prompt\" data-fusion-google-variant=\"300\"><span style=\"background-color: var(--awb-bg-color-hover); color: var(--h2_typography-color); font-style: var(--h2_typography-font-style,normal); letter-spacing: var(--h2_typography-letter-spacing); text-align: var(--awb-content-alignment); text-transform: var(--h2_typography-text-transform);\">De conformidad con el art\u00edculo 10 de la Ley 34\/2002, de 11 de julio, de \u201cServicios de la Sociedad de la Informaci\u00f3n y Comercio Electr\u00f3nico (LSSI)\u201d, ponemos en su conocimiento la siguiente informaci\u00f3n:<\/span><\/p>\n<p data-fusion-font=\"true\" style=\"font-family: Prompt; font-weight: 300; font-size: 17px; line-height: 20.4px;\" data-fusion-google-font=\"Prompt\" data-fusion-google-variant=\"300\">La empresa COSMETUP ACTIVES S.L., con CIF B33914995 [de ahora en adelante COSMETUP], es el titular del portal Web cosmetup.com, que act\u00faa exclusivamente como explotadora, y gestora de los contenidos de la Web.<\/p>\n<p data-fusion-font=\"true\" style=\"font-family: Prompt; font-weight: 300; font-size: 17px; line-height: 20.4px;\" data-fusion-google-font=\"Prompt\" data-fusion-google-variant=\"300\">Si quiere contactar con nosotros, puede hacerlo mediante correo postal a la direcci\u00f3n C. \u00c1lava, 37, 33210, Gij\u00f3n (Asturias), Spain, o bien a trav\u00e9s del correo electr\u00f3nico administracion@cosmetup.com<\/p>\n<p data-fusion-font=\"true\" style=\"font-family: Prompt; font-size: 17px; line-height: 20.4px;\" data-fusion-google-font=\"Prompt\" data-fusion-google-variant=\"300\"><b>CONCEPTO DE USUARIO<\/b><\/p>\n<p data-fusion-font=\"true\" style=\"font-family: Prompt; font-weight: 300; font-size: 17px; line-height: 20.4px;\" data-fusion-google-font=\"Prompt\" data-fusion-google-variant=\"300\">La utilizaci\u00f3n del portal Web atribuye la condici\u00f3n de Usuario, e implica la aceptaci\u00f3n total y sin reservas de todas y cada una de las disposiciones incluidas en este Aviso Legal, en la versi\u00f3n publicada para COSMETUP en el mismo momento en que el Usuario acceda a la Web. En consecuencia, el Usuario tiene que leer atentamente el presente Aviso Legal en cada una de las ocasiones en que se proponga utilizar la Web, puesto que puede sufrir modificaciones.<\/p>\n<p data-fusion-font=\"true\" style=\"font-family: Prompt; font-size: 17px; line-height: 20.4px;\" data-fusion-google-font=\"Prompt\" data-fusion-google-variant=\"300\"><b>INFORMACI\u00d3N SOBRE LOS V\u00cdNCULOS \u201cLINKS\u201d<\/b><\/p>\n<p data-fusion-font=\"true\" style=\"font-family: Prompt; font-weight: 300; font-size: 17px; line-height: 20.4px;\" data-fusion-google-font=\"Prompt\" data-fusion-google-variant=\"300\">COSMETUP no se hace responsable de las webs no propias o de terceros, a las cuales se puede acceder mediante v\u00ednculos, \u201clinks\u201d o de cualquier contenido puesto a disposici\u00f3n por terceros.<\/p>\n<p data-fusion-font=\"true\" style=\"font-family: Prompt; font-weight: 300; font-size: 17px; line-height: 20.4px;\" data-fusion-google-font=\"Prompt\" data-fusion-google-variant=\"300\">Cualquier uso de un v\u00ednculo o acceso a una Web no propia es realizado por voluntad y riesgo exclusivo del usuario y COSMETUP no recomienda ni garantiza ninguna informaci\u00f3n obtenida a trav\u00e9s de un v\u00ednculo ajeno a la web de cosmetup.com, ni se responsabiliza de ninguna p\u00e9rdida, reclamaci\u00f3n o perjuicio derivada del uso o mal uso de un v\u00ednculo, o de la informaci\u00f3n obtenida a trav\u00e9s de \u00e9l, incluyendo otros v\u00ednculos o webs, de la interrupci\u00f3n en el servicio o en el acceso, o del uso o mal uso de un v\u00ednculo, tanto al conectar al portal Web cosmetup.com, c\u00f3mo al acceder a la informaci\u00f3n de otros webs desde el mismo portal Web.<\/p>\n<p data-fusion-font=\"true\" style=\"font-family: Prompt; font-size: 17px; line-height: 20.4px;\" data-fusion-google-font=\"Prompt\" data-fusion-google-variant=\"300\"><b>RENUNCIA Y LIMITACI\u00d3N DE LA RESPONSABILIDAD<\/b><\/p>\n<p data-fusion-font=\"true\" style=\"font-family: Prompt; font-weight: 300; font-size: 17px; line-height: 20.4px;\" data-fusion-google-font=\"Prompt\" data-fusion-google-variant=\"300\">La informaci\u00f3n y servicios incluidos o disponibles a trav\u00e9s de las p\u00e1ginas Web pueden incluir incorrecciones o errores tipogr\u00e1ficos. De forma peri\u00f3dica se incorporan cambios a la informaci\u00f3n contenida. COSMETUP puede introducir en cualquier momento mejoras y\/o cambios en los servicios o contenidos.<\/p>\n<p data-fusion-font=\"true\" style=\"font-family: Prompt; font-weight: 300; font-size: 17px; line-height: 20.4px;\" data-fusion-google-font=\"Prompt\" data-fusion-google-variant=\"300\">Tambi\u00e9n se advierte que los contenidos de esta Web, tienen la finalidad informativa en cuanto a la oferta de servicios y tarifas. Seg\u00fan lo previsto en el presente aviso legal y el resto de textos legales del presente portal Web.<\/p>\n<p data-fusion-font=\"true\" style=\"font-family: Prompt; font-size: 17px; line-height: 20.4px;\" data-fusion-google-font=\"Prompt\" data-fusion-google-variant=\"300\"><b>INFORMACI\u00d3N SOBRE LA EXENCI\u00d3N DE TODA RESPONSABILIDAD DERIVADA DE UN FALLO T\u00c9CNICO Y DE CONTENIDO<\/b><\/p>\n<p data-fusion-font=\"true\" style=\"font-family: Prompt; font-weight: 300; font-size: 17px; line-height: 20.4px;\" data-fusion-google-font=\"Prompt\" data-fusion-google-variant=\"300\">COSMETUP declina cualquier responsabilidad en caso de que existan interrupciones o un mal funcionamiento de los servicios o contenidos ofrecidos en Internet, cualquier que sea su causa.<\/p>\n<p data-fusion-font=\"true\" style=\"font-family: Prompt; font-weight: 300; font-size: 17px; line-height: 20.4px;\" data-fusion-google-font=\"Prompt\" data-fusion-google-variant=\"300\">As\u00ed mismo, COSMETUP no se hace responsable por ca\u00eddas de la red, p\u00e9rdidas de negocio a consecuencia de estas ca\u00eddas, suspensiones temporales del fluido el\u00e9ctrico o cualquiera otro tipo.<\/p>\n<p data-fusion-font=\"true\" style=\"font-family: Prompt; font-weight: 300; font-size: 17px; line-height: 20.4px;\" data-fusion-google-font=\"Prompt\" data-fusion-google-variant=\"300\">COSMETUP no declara ni garantiza que los servicios o contenidos no sean interrumpidos o que est\u00e9n libres de errores, que los defectos sean corregidos, o que el servicio o el servidor que lo pone a disposici\u00f3n est\u00e9n libres de virus u otros componentes nocivos, sin perjuicio que COSMETUP realiza sus mayores esfuerzos a evitar este tipo de incidentes. En caso de que el Usuario tomara determinadas decisiones o realizara acciones en base a la informaci\u00f3n incluida en cualquier de los \u201cwebsites\u201d, se recomienda la comprobaci\u00f3n de la informaci\u00f3n recibida con otras fuentes.<\/p>\n<p data-fusion-font=\"true\" style=\"font-family: Prompt; font-size: 17px; line-height: 20.4px;\" data-fusion-google-font=\"Prompt\" data-fusion-google-variant=\"300\"><b>INFORMACI\u00d3N RELATIVA A LA PROPIEDAD INTELECTUAL E INDUSTRIAL<\/b><\/p>\n<p data-fusion-font=\"true\" style=\"font-family: Prompt; font-weight: 300; font-size: 17px; line-height: 20.4px;\" data-fusion-google-font=\"Prompt\" data-fusion-google-variant=\"300\">1.La estructura, dise\u00f1o y forma de presentaci\u00f3n de los elementos (gr\u00e1ficos, im\u00e1genes, ficheros logotipos, combinaciones de colores y cualquier elemento susceptible de protecci\u00f3n) est\u00e1n protegidos por derechos de propiedad intelectual, titularidad de COSMETUP.<\/p>\n<p data-fusion-font=\"true\" style=\"font-family: Prompt; font-weight: 300; font-size: 17px; line-height: 20.4px;\" data-fusion-google-font=\"Prompt\" data-fusion-google-variant=\"300\">2.Est\u00e1n prohibidas la reproducci\u00f3n, la transformaci\u00f3n, distribuci\u00f3n, comunicaci\u00f3n p\u00fablica, puesta a disposici\u00f3n del p\u00fablico y, en general cualquier otra forma de explotaci\u00f3n, parcial o total de los elementos referidos en el apartado anterior. Estos actos de explotaci\u00f3n s\u00f3lo podr\u00e1n ser realizados en virtud de autorizaci\u00f3n expresa de COSMETUP y que, en todo caso, tendr\u00e1n que hacer referencia expl\u00edcita a la titularidad de los citados derechos de propiedad intelectual de COSMETUP.<\/p>\n<p data-fusion-font=\"true\" style=\"font-family: Prompt; font-weight: 300; font-size: 17px; line-height: 20.4px;\" data-fusion-google-font=\"Prompt\" data-fusion-google-variant=\"300\">3.S\u00f3lo est\u00e1 autorizado para el uso privado del material documental elaborado para la COSMETUP. En ning\u00fan caso, podr\u00e1 suprimir, alterar, eludir o manipular cualquier dispositivo de protecci\u00f3n o sistemas de seguridad que puedan estar instalados.<\/p>\n<p data-fusion-font=\"true\" style=\"font-family: Prompt; font-weight: 300; font-size: 17px; line-height: 20.4px;\" data-fusion-google-font=\"Prompt\" data-fusion-google-variant=\"300\">4.Los signos distintivos (marcas, nombres comerciales) de COSMETUP est\u00e1n protegidos por derechos de propiedad industrial, quedando prohibida la utilizaci\u00f3n o manipulaci\u00f3n de cualquier de estos, excepto autorizaci\u00f3n expresa y por escrito de COSMETUP.<\/p>\n<p data-fusion-font=\"true\" style=\"font-family: Prompt; font-size: 17px; line-height: 20.4px;\" data-fusion-google-font=\"Prompt\" data-fusion-google-variant=\"300\"><b>SITIO WEB COSMETUP SEGURO<\/b><\/p>\n<p data-fusion-font=\"true\" style=\"font-family: Prompt; font-weight: 300; font-size: 17px; line-height: 20.4px;\" data-fusion-google-font=\"Prompt\" data-fusion-google-variant=\"300\">La seguridad es una prioridad para COSMETUP, por lo que realizamos un gran esfuerzo para asegurarnos de que nuestro sitio web sea seguro y de que su informaci\u00f3n personal est\u00e9 a buen resguardo.<\/p>\n<\/h2>\n<\/div><\/div><\/div><\/div><\/div>","protected":false},"excerpt":{"rendered":"","protected":false},"author":1,"featured_media":0,"parent":0,"menu_order":0,"comment_status":"closed","ping_status":"closed","template":"","meta":{"footnotes":""},"class_list":["post-3","page","type-page","status-publish","hentry"],"yoast_head":"<!-- This site is optimized with the Yoast SEO plugin v24.7 - https:\/\/yoast.com\/wordpress\/plugins\/seo\/ -->\n<title>Aviso Legal - CosmetUp<\/title>\n<meta name=\"robots\" content=\"index, follow, max-snippet:-1, max-image-preview:large, max-video-preview:-1\" \/>\n<link rel=\"canonical\" href=\"https:\/\/cosmetup.com\/en\/aviso-legal\/\" \/>\n<meta property=\"og:locale\" content=\"en_GB\" \/>\n<meta property=\"og:type\" content=\"article\" \/>\n<meta property=\"og:title\" content=\"Aviso Legal - CosmetUp\" \/>\n<meta property=\"og:url\" content=\"https:\/\/cosmetup.com\/en\/aviso-legal\/\" \/>\n<meta property=\"og:site_name\" content=\"CosmetUp\" \/>\n<meta property=\"article:modified_time\" content=\"2025-02-10T13:37:41+00:00\" \/>\n<meta name=\"twitter:card\" content=\"summary_large_image\" \/>\n<meta name=\"twitter:label1\" content=\"Estimated reading time\" \/>\n\t<meta name=\"twitter:data1\" content=\"5 minutes\" \/>\n<script type=\"application\/ld+json\" class=\"yoast-schema-graph\">{\"@context\":\"https:\/\/schema.org\",\"@graph\":[{\"@type\":\"WebPage\",\"@id\":\"https:\/\/cosmetup.com\/aviso-legal\/\",\"url\":\"https:\/\/cosmetup.com\/aviso-legal\/\",\"name\":\"Aviso Legal - CosmetUp\",\"isPartOf\":{\"@id\":\"https:\/\/cosmetup.com\/#website\"},\"datePublished\":\"2025-02-03T11:08:42+00:00\",\"dateModified\":\"2025-02-10T13:37:41+00:00\",\"breadcrumb\":{\"@id\":\"https:\/\/cosmetup.com\/aviso-legal\/#breadcrumb\"},\"inLanguage\":\"en-GB\",\"potentialAction\":[{\"@type\":\"ReadAction\",\"target\":[\"https:\/\/cosmetup.com\/aviso-legal\/\"]}]},{\"@type\":\"BreadcrumbList\",\"@id\":\"https:\/\/cosmetup.com\/aviso-legal\/#breadcrumb\",\"itemListElement\":[{\"@type\":\"ListItem\",\"position\":1,\"name\":\"Portada\",\"item\":\"https:\/\/cosmetup.com\/\"},{\"@type\":\"ListItem\",\"position\":2,\"name\":\"Aviso Legal\"}]},{\"@type\":\"WebSite\",\"@id\":\"https:\/\/cosmetup.com\/#website\",\"url\":\"https:\/\/cosmetup.com\/\",\"name\":\"CosmetUp\",\"description\":\"Activos biotecnol\u00f3gicos\",\"publisher\":{\"@id\":\"https:\/\/cosmetup.com\/#organization\"},\"potentialAction\":[{\"@type\":\"SearchAction\",\"target\":{\"@type\":\"EntryPoint\",\"urlTemplate\":\"https:\/\/cosmetup.com\/?s={search_term_string}\"},\"query-input\":{\"@type\":\"PropertyValueSpecification\",\"valueRequired\":true,\"valueName\":\"search_term_string\"}}],\"inLanguage\":\"en-GB\"},{\"@type\":\"Organization\",\"@id\":\"https:\/\/cosmetup.com\/#organization\",\"name\":\"CosmetUp\",\"url\":\"https:\/\/cosmetup.com\/\",\"logo\":{\"@type\":\"ImageObject\",\"inLanguage\":\"en-GB\",\"@id\":\"https:\/\/cosmetup.com\/#\/schema\/logo\/image\/\",\"url\":\"https:\/\/cosmetup.com\/wp-content\/uploads\/2025\/02\/cosmetup-logo-x2.svg\",\"contentUrl\":\"https:\/\/cosmetup.com\/wp-content\/uploads\/2025\/02\/cosmetup-logo-x2.svg\",\"width\":\"1024\",\"height\":\"1024\",\"caption\":\"CosmetUp\"},\"image\":{\"@id\":\"https:\/\/cosmetup.com\/#\/schema\/logo\/image\/\"},\"sameAs\":[\"https:\/\/www.linkedin.com\/company\/cosmetup\/\"]}]}<\/script>\n<!-- \/ Yoast SEO plugin. -->","yoast_head_json":{"title":"Aviso Legal - CosmetUp","robots":{"index":"index","follow":"follow","max-snippet":"max-snippet:-1","max-image-preview":"max-image-preview:large","max-video-preview":"max-video-preview:-1"},"canonical":"https:\/\/cosmetup.com\/en\/aviso-legal\/","og_locale":"en_GB","og_type":"article","og_title":"Aviso Legal - CosmetUp","og_url":"https:\/\/cosmetup.com\/en\/aviso-legal\/","og_site_name":"CosmetUp","article_modified_time":"2025-02-10T13:37:41+00:00","twitter_card":"summary_large_image","twitter_misc":{"Estimated reading time":"5 minutes"},"schema":{"@context":"https:\/\/schema.org","@graph":[{"@type":"WebPage","@id":"https:\/\/cosmetup.com\/aviso-legal\/","url":"https:\/\/cosmetup.com\/aviso-legal\/","name":"Aviso Legal - CosmetUp","isPartOf":{"@id":"https:\/\/cosmetup.com\/#website"},"datePublished":"2025-02-03T11:08:42+00:00","dateModified":"2025-02-10T13:37:41+00:00","breadcrumb":{"@id":"https:\/\/cosmetup.com\/aviso-legal\/#breadcrumb"},"inLanguage":"en-GB","potentialAction":[{"@type":"ReadAction","target":["https:\/\/cosmetup.com\/aviso-legal\/"]}]},{"@type":"BreadcrumbList","@id":"https:\/\/cosmetup.com\/aviso-legal\/#breadcrumb","itemListElement":[{"@type":"ListItem","position":1,"name":"Portada","item":"https:\/\/cosmetup.com\/"},{"@type":"ListItem","position":2,"name":"Aviso Legal"}]},{"@type":"WebSite","@id":"https:\/\/cosmetup.com\/#website","url":"https:\/\/cosmetup.com\/","name":"CosmetUp","description":"Activos biotecnol\u00f3gicos","publisher":{"@id":"https:\/\/cosmetup.com\/#organization"},"potentialAction":[{"@type":"SearchAction","target":{"@type":"EntryPoint","urlTemplate":"https:\/\/cosmetup.com\/?s={search_term_string}"},"query-input":{"@type":"PropertyValueSpecification","valueRequired":true,"valueName":"search_term_string"}}],"inLanguage":"en-GB"},{"@type":"Organization","@id":"https:\/\/cosmetup.com\/#organization","name":"CosmetUp","url":"https:\/\/cosmetup.com\/","logo":{"@type":"ImageObject","inLanguage":"en-GB","@id":"https:\/\/cosmetup.com\/#\/schema\/logo\/image\/","url":"https:\/\/cosmetup.com\/wp-content\/uploads\/2025\/02\/cosmetup-logo-x2.svg","contentUrl":"https:\/\/cosmetup.com\/wp-content\/uploads\/2025\/02\/cosmetup-logo-x2.svg","width":"1024","height":"1024","caption":"CosmetUp"},"image":{"@id":"https:\/\/cosmetup.com\/#\/schema\/logo\/image\/"},"sameAs":["https:\/\/www.linkedin.com\/company\/cosmetup\/"]}]}},"_links":{"self":[{"href":"https:\/\/cosmetup.com\/en\/wp-json\/wp\/v2\/pages\/3","targetHints":{"allow":["GET"]}}],"collection":[{"href":"https:\/\/cosmetup.com\/en\/wp-json\/wp\/v2\/pages"}],"about":[{"href":"https:\/\/cosmetup.com\/en\/wp-json\/wp\/v2\/types\/page"}],"author":[{"embeddable":true,"href":"https:\/\/cosmetup.com\/en\/wp-json\/wp\/v2\/users\/1"}],"replies":[{"embeddable":true,"href":"https:\/\/cosmetup.com\/en\/wp-json\/wp\/v2\/comments?post=3"}],"version-history":[{"count":2,"href":"https:\/\/cosmetup.com\/en\/wp-json\/wp\/v2\/pages\/3\/revisions"}],"predecessor-version":[{"id":1160,"href":"https:\/\/cosmetup.com\/en\/wp-json\/wp\/v2\/pages\/3\/revisions\/1160"}],"wp:attachment":[{"href":"https:\/\/cosmetup.com\/en\/wp-json\/wp\/v2\/media?parent=3"}],"curies":[{"name":"wp","href":"https:\/\/api.w.org\/{rel}","templated":true}]}}